{"id":162,"date":"2018-03-23T12:21:32","date_gmt":"2018-03-23T12:21:32","guid":{"rendered":"https:\/\/klinikaprofiti.al\/?page_id=162"},"modified":"2020-10-13T15:45:46","modified_gmt":"2020-10-13T15:45:46","slug":"kabinetet","status":"publish","type":"page","link":"https:\/\/klinikaprofiti.al\/index.php\/kabinetet\/","title":{"rendered":"Kabinetet"},"content":{"rendered":"<p>[vc_row css_animation=&#8221;&#8221; row_type=&#8221;row&#8221; use_row_as_full_screen_section=&#8221;no&#8221; type=&#8221;full_width&#8221; angled_section=&#8221;no&#8221; text_align=&#8221;left&#8221; background_image_as_pattern=&#8221;without_pattern&#8221;][vc_column width=&#8221;1\/2&#8243;][vc_single_image image=&#8221;402&#8243; img_size=&#8221;full&#8221; alignment=&#8221;center&#8221; style=&#8221;vc_box_shadow_3d&#8221; qode_css_animation=&#8221;&#8221;]<div id=\"ult-carousel-84147049469f0b189515da\" class=\"ult-carousel-wrapper   ult_horizontal\" data-gutter=\"15\" data-rtl=\"false\" ><div class=\"ult-carousel-82197997169f0b189514ac \" >[vc_single_image image=&#8221;404&#8243; img_size=&#8221;full&#8221; alignment=&#8221;center&#8221; style=&#8221;vc_box_shadow_3d&#8221; onclick=&#8221;link_image&#8221; qode_css_animation=&#8221;&#8221;][vc_single_image image=&#8221;402&#8243; img_size=&#8221;full&#8221; alignment=&#8221;center&#8221; style=&#8221;vc_box_shadow_3d&#8221; onclick=&#8221;link_image&#8221; qode_css_animation=&#8221;&#8221;][vc_single_image image=&#8221;400&#8243; img_size=&#8221;full&#8221; alignment=&#8221;center&#8221; style=&#8221;vc_box_shadow_3d&#8221; onclick=&#8221;link_image&#8221; qode_css_animation=&#8221;&#8221;][vc_single_image image=&#8221;100&#8243; img_size=&#8221;full&#8221; alignment=&#8221;center&#8221; style=&#8221;vc_box_shadow_3d&#8221; onclick=&#8221;link_image&#8221; qode_css_animation=&#8221;&#8221;][vc_single_image image=&#8221;394&#8243; img_size=&#8221;full&#8221; alignment=&#8221;center&#8221; style=&#8221;vc_box_shadow_3d&#8221; onclick=&#8221;link_image&#8221; qode_css_animation=&#8221;&#8221;]<\/div><\/div>            <script type=\"text\/javascript\">\r\n\t\t\t\tjQuery(document).ready(function($){\r\n               \t\t$('.ult-carousel-82197997169f0b189514ac').slick({dots: true,autoplay: true,autoplaySpeed: 3000,speed: 3000,infinite: true,arrows: true,nextArrow: '<button type=\"button\" style=\"color:#333333; font-size:20px;\" class=\"slick-next default\"><i class=\"ultsl-arrow-right4\"><\/i><\/button>',prevArrow: '<button type=\"button\" style=\"color:#333333; font-size:20px;\" class=\"slick-prev default\"><i class=\"ultsl-arrow-left4\"><\/i><\/button>',slidesToScroll:2,slidesToShow:2,swipe: true,draggable: true,touchMove: true,responsive: [\r\n\t\t\t\t\t\t\t{\r\n\t\t\t\t\t\t\t  breakpoint: 1025,\r\n\t\t\t\t\t\t\t  settings: {\r\n\t\t\t\t\t\t\t\tslidesToShow: 2,\r\n\t\t\t\t\t\t\t\tslidesToScroll: 2,  \r\n\t\t\t\t\t\t\t  }\r\n\t\t\t\t\t\t\t},\r\n\t\t\t\t\t\t\t{\r\n\t\t\t\t\t\t\t  breakpoint: 769,\r\n\t\t\t\t\t\t\t  settings: {\r\n\t\t\t\t\t\t\t\tslidesToShow: 2,\r\n\t\t\t\t\t\t\t\tslidesToScroll: 2\r\n\t\t\t\t\t\t\t  }\r\n\t\t\t\t\t\t\t},\r\n\t\t\t\t\t\t\t{\r\n\t\t\t\t\t\t\t  breakpoint: 481,\r\n\t\t\t\t\t\t\t  settings: {\r\n\t\t\t\t\t\t\t\tslidesToShow: 2,\r\n\t\t\t\t\t\t\t\tslidesToScroll: 2\r\n\t\t\t\t\t\t\t  }\r\n\t\t\t\t\t\t\t}\r\n\t\t\t\t\t\t],pauseOnHover: true,\r\n\t\t\t\t\t\tpauseOnDotsHover: true,customPaging: function(slider, i) {\r\n                   return '<i type=\"button\" style=\"color:#333333;\" class=\"ultsl-radio-checked\" data-role=\"none\"><\/i>';\r\n                },});\r\n\t\t\t\t});\r\n\t\t\t<\/script>\r\n            [\/vc_column][vc_column width=&#8221;1\/2&#8243;][vc_column_text]<\/p>\n<p style=\"color: #4ba2f1; font-size: 25px; text-align: center;\"><strong>Sepse ne kujdesemi <span style=\"color: #ecc31f;\">per shendetin tuaj&#8230;<\/span><\/strong><\/p>\n<p>[\/vc_column_text][vc_empty_space height=&#8221;20px&#8221;][vc_column_text]<\/p>\n<p align=\"justify\"><span style=\"color: #292727;\">\u2022\u00a0<strong>Kabineti i radiografis\u00eb<\/strong>, ku realizohen me cil\u00ebsi maksimale t\u00eb gjitha llojet e radiografive, si analoge ashtu edhe dixhitale. Kabineti \u00ebsht\u00eb i pajisur edhe me pajisjet e ndihm\u00ebs s\u00eb shpejt\u00eb, aq t\u00eb nevojshme n\u00eb raste t\u00eb ve\u00e7anta n\u00ebse lind nevoja.<\/span><br \/>\n<span style=\"color: #292727;\"><strong>\u2022 Kabineti i mamografis\u00eb<\/strong>, ku realizohet ekzaminimi i mamografis\u00eb.<\/span><br \/>\n<span style=\"color: #292727;\"><strong>\u2022 Kabineti i radiologjis\u00eb<\/strong>\u00a0<strong>stomatologjike<\/strong> i fuqizuar me nga dy aparatura p\u00ebr radiografit\u00eb e dh\u00ebmb\u00ebve dhe t\u00eb goj\u00ebs, k\u00ebto t\u00eb fundit t\u00eb dyja digjitale me t\u00eb gjitha opsionet.<\/span><br \/>\n<span style=\"color: #292727;\"><strong>\u2022 Kabineti i radioskopis\u00eb<\/strong>, ku ralizohen radioskopi t\u00eb thjeshta dhe radiografi me seriograf. N\u00eb k\u00ebt\u00eb kabinet realizohen edhe nd\u00ebrhyrje t\u00eb vogla t\u00eb radiologjis\u00eb intervencioniste si aspirime, punksione t\u00eb drejtuara etj.<\/span><br \/>\n<span style=\"color: #292727;\"><strong>\u2022 Kabineti i ekografis\u00eb,<\/strong>\u00a0ku realizohen t\u00eb gjitha ekzaminimet ekografike t\u00eb barkut, gjendrave dhe indeve t\u00eb buta, si me ekografin\u00eb e zakonshme ashtu edhe me ekografin\u00eb me Doppler me ngjyra apo Power Doppler.<\/span><br \/>\n<span style=\"color: #292727;\"><strong>\u2022 Kabineti i p\u00ebrpunimit dixhital t\u00eb imazheve,<\/strong>\u00a0ku realizohet p\u00ebrpunimi kompjuterik i imazheve t\u00eb radiologjis\u00eb dixhitale.<\/span><br \/>\n<span style=\"color: #292727;\"><strong>\u2022 Kabineti i p\u00ebrpunimit t\u00eb filmave<\/strong>, ku p\u00ebrpunohen filmat e radiografive analoge i t\u00ebri me pajisje automatike p\u00ebr t\u00eb siguruar cil\u00ebsin\u00eb maximale dhe koh\u00eb sa m\u00eb t\u00eb shkurt\u00ebr p\u00ebr p\u00ebrpunim.<\/span><br \/>\n<span style=\"color: #292727;\"><strong>\u2022 Kabineti i laboratorit klinik \u2013 biokimik,<\/strong>\u00a0ku realizohet nj\u00eb gam\u00eb e gjer\u00eb e analizave klinike dhe biokimike t\u00eb rutin\u00ebs dhe speciale.<\/span><\/p>\n<p align=\"justify\"><span style=\"color: #292727;\">T\u00eb gjitha materialet e konsumit q\u00eb p\u00ebrdoren si filma, reagent\u00eb, solucione etj jan\u00eb t\u00eb cil\u00ebsis\u00eb maksimale dhe bashk\u00ebkohore.<\/span><\/p>\n<p>[\/vc_column_text][\/vc_column][\/vc_row][vc_row css_animation=&#8221;&#8221; row_type=&#8221;row&#8221; use_row_as_full_screen_section=&#8221;no&#8221; type=&#8221;full_width&#8221; angled_section=&#8221;no&#8221; text_align=&#8221;left&#8221; background_image_as_pattern=&#8221;without_pattern&#8221;][vc_column][vc_empty_space height=&#8221;20px&#8221;][\/vc_column][\/vc_row]<\/p>\n","protected":false},"excerpt":{"rendered":"<p>[vc_row css_animation=&#8221;&#8221; row_type=&#8221;row&#8221; use_row_as_full_screen_section=&#8221;no&#8221; type=&#8221;full_width&#8221; angled_section=&#8221;no&#8221; text_align=&#8221;left&#8221; background_image_as_pattern=&#8221;without_pattern&#8221;][vc_column width=&#8221;1\/2&#8243;][vc_single_image image=&#8221;402&#8243; img_size=&#8221;full&#8221; alignment=&#8221;center&#8221; style=&#8221;vc_box_shadow_3d&#8221; qode_css_animation=&#8221;&#8221;][\/vc_column][vc_column width=&#8221;1\/2&#8243;][vc_column_text] Sepse ne kujdesemi per shendetin tuaj&#8230; [\/vc_column_text][vc_empty_space height=&#8221;20px&#8221;][vc_column_text] \u2022\u00a0Kabineti i radiografis\u00eb, ku realizohen me cil\u00ebsi maksimale t\u00eb gjitha llojet e radiografive, si analoge ashtu edhe dixhitale. Kabineti \u00ebsht\u00eb i pajisur&#8230;<\/p>\n","protected":false},"author":1,"featured_media":0,"parent":0,"menu_order":0,"comment_status":"closed","ping_status":"closed","template":"","meta":[],"_links":{"self":[{"href":"https:\/\/klinikaprofiti.al\/index.php\/wp-json\/wp\/v2\/pages\/162"}],"collection":[{"href":"https:\/\/klinikaprofiti.al\/index.php\/wp-json\/wp\/v2\/pages"}],"about":[{"href":"https:\/\/klinikaprofiti.al\/index.php\/wp-json\/wp\/v2\/types\/page"}],"author":[{"embeddable":true,"href":"https:\/\/klinikaprofiti.al\/index.php\/wp-json\/wp\/v2\/users\/1"}],"replies":[{"embeddable":true,"href":"https:\/\/klinikaprofiti.al\/index.php\/wp-json\/wp\/v2\/comments?post=162"}],"version-history":[{"count":11,"href":"https:\/\/klinikaprofiti.al\/index.php\/wp-json\/wp\/v2\/pages\/162\/revisions"}],"predecessor-version":[{"id":412,"href":"https:\/\/klinikaprofiti.al\/index.php\/wp-json\/wp\/v2\/pages\/162\/revisions\/412"}],"wp:attachment":[{"href":"https:\/\/klinikaprofiti.al\/index.php\/wp-json\/wp\/v2\/media?parent=162"}],"curies":[{"name":"wp","href":"https:\/\/api.w.org\/{rel}","templated":true}]}}